{"id":76,"date":"2023-08-15T12:34:14","date_gmt":"2023-08-15T10:34:14","guid":{"rendered":"https:\/\/aclocabarnevillelocation.com\/?page_id=76"},"modified":"2023-08-15T12:41:50","modified_gmt":"2023-08-15T10:41:50","slug":"les-services","status":"publish","type":"page","link":"https:\/\/aclocabarnevillelocation.com\/index.php\/les-services\/","title":{"rendered":"Les services"},"content":{"rendered":"\n<p class=\"has-normal-font-size\">La maison est totalement ind\u00e9pendante. Le propri\u00e9taire n\u2019habite pas sur place. La maison offre de tr\u00e8s nombreux services inclus dans le tarif de la location.<\/p>\n\n\n\n<p class=\"has-normal-font-size\"><strong>1. SERVICE PLAISIRS \u2013 SPORTS<\/strong><\/p>\n\n\n\n<p class=\"has-normal-font-size\">Sur place : Sports :10 v\u00e9los (tous \u00e2ges, toutes tailles), badminton, tennis de table, p\u00e9tanque, jeux de plage.<\/p>\n\n\n\n<p class=\"has-normal-font-size\">Terrains de Basket public et gratuit \u00e0 proximite (50m). Tennis \u00e0 50m. Ballons fournis.<\/p>\n\n\n\n<p class=\"has-normal-font-size\"><strong>2. SERVICES CONFORT<\/strong><\/p>\n\n\n\n<p class=\"has-normal-font-size\">Par exemple, tous les lits sont faits \u00e0 votre arriv\u00e9e (couettes). Le linge de maison (torchons, serviettes de table) et les serviettes de toilette (2 par personne) sont fournis.<\/p>\n\n\n\n<p class=\"has-normal-font-size\"><strong>3. SERVICES SANS SOUCIS<\/strong><\/p>\n\n\n\n<p class=\"has-normal-font-size\">Votre s\u00e9jour est simple : \u00e0 votre entr\u00e9e, vous disposez de tout : hygi\u00e8ne, cuisine, du papier cuisson aux produits de lave-vaisselle, tout est fourni. Pour nos amis d&rsquo;Europe et du monde : chaines internationales.<\/p>\n\n\n\n<p class=\"has-normal-font-size\"><strong>4. SERVICE BEBES<\/strong><\/p>\n\n\n\n<p class=\"has-normal-font-size\">2 lits b\u00e9b\u00e9s et parures, un baby-phone, une baignoire b\u00e9b\u00e9, matelas \u00e0 langer, deux chaises hautes, deux porte-b\u00e9b\u00e9s v\u00e9los.<\/p>\n\n\n\n<p class=\"has-normal-font-size\"><strong>5. SERVICE ANIMAUX<\/strong><\/p>\n\n\n\n<p class=\"has-normal-font-size\">Les chiens DE TOUTES TAILLES et les chats sont aussi accueillis (gamelles , bacs \u00e0 liti\u00e8re pour chats), le terrain clos de murs leur permet un s\u00e9jour en toute s\u00e9curit\u00e9. Au-del\u00e0 de 4 animaux ou en cas d\u2019animaux particuliers, veuillez de nous consulter avant la r\u00e9daction du contrat.<\/p>\n\n\n\n<p class=\"has-normal-font-size\"><strong>6. SERVICE PLAISIRS \u2013 TECHNOLOGIE<\/strong><\/p>\n\n\n\n<p class=\"has-normal-font-size\">Technologie : Internet WIFI, 2 TV LED 80cm &amp; 102cm, TNT HD et 300 cha\u00eenes satellite Astra, lunette astronomique, pour votre plaisir.<\/p>\n\n\n\n<p class=\"has-normal-font-size\"><strong>7. SERVICES JEUX DE SOCIETE<\/strong><\/p>\n\n\n\n<p class=\"has-normal-font-size\">Avec vos amis, vos enfants, trouvez sur place un large \u00e9ventail de jeux: Le Poker, le Tarot, Uno, Risk, Time&rsquo;S Family, le Taboo, Apples to apples, C&rsquo;est pas Sorcier, 2 Trivial Poursuit, Qui veut gagner des millions, le Scrabble, Apples to Apples, et bien d&rsquo;autres jeux.<\/p>\n\n\n\n<p class=\"has-normal-font-size\"><strong>8. SERVICE CUISINE-GASTRONOMIE<\/strong><\/p>\n\n\n\n<p class=\"has-normal-font-size\">Nombreux livres de cuisine dont : Larousse Gastronomique, Guide des chefs de la r\u00e9gion). Les mat\u00e9riels : Robot de qualit\u00e9 (Magimix), Autocuiseur de grande capacit\u00e9, Cuit vapeur Magimix (11 litres) Siphon, centrifugeuse, petits robots, appareil \u00e0 raclette, cr\u00eapi\u00e8re \u00e9lectrique, etc. Tout pour pr\u00e9senter et d\u00e9guster : Plateaux pour fruits de mer, tr\u00e8s large vaisselle. Pour le caf\u00e9 : cafeti\u00e8re filtre, Senseo, Nespresso.<\/p>\n\n\n\n<p class=\"has-normal-font-size\"><strong>9. SERVICE PECHE A PIED<\/strong><\/p>\n\n\n\n<p class=\"has-normal-font-size\">Vous n&rsquo;avez rien \u00e0 apporter pour r\u00e9aliser vos sorties de p\u00eache \u00e0 pied, tout est disponible \u00e0 la maison : mat\u00e9riel, conseils de p\u00eache.<\/p>\n\n\n\n<p class=\"has-normal-font-size\"><strong>10. SERVICES BOTTES<\/strong><\/p>\n\n\n\n<p class=\"has-normal-font-size\">Des bottes sont fournies pour vos sorties \u00e0 la mer.<\/p>\n\n\n\n<p class=\"has-normal-font-size\"><strong>11 SERVICE CULTURE<\/strong><\/p>\n\n\n\n<p class=\"has-normal-font-size\">Culture (large biblioth\u00e8que), -nombreux guides de la r\u00e9gion, nombreux DVD.<\/p>\n\n\n\n<p class=\"has-normal-font-size\"><strong>12. SERVICE clients EUROP\u00c9ENS.<\/strong><\/p>\n\n\n\n<p class=\"has-normal-font-size\">Sp\u00e9cimen de contrat en anglais, documents jeux en langues europ\u00e9ennes.<\/p>\n\n\n\n<hr class=\"wp-block-separator has-alpha-channel-opacity\"\/>\n\n\n\n<figure class=\"wp-block-image size-full is-resized\"><img decoding=\"async\" src=\"http:\/\/aclocabarnevillelocation.com\/wp-content\/uploads\/2023\/08\/drapeau-anglais.jpg\" alt=\"\" class=\"wp-image-66\" style=\"width:100px\" width=\"100\"\/><\/figure>\n\n\n\n<h2 class=\"wp-block-heading\">THE HOUSE OF SERVICES<\/h2>\n\n\n\n<p>The house is totally independent. The owner does not live on site. The house offers many services included in the rental price.<\/p>\n\n\n\n<p><strong>1. COMFORT SERVICE:<\/strong><\/p>\n\n\n\n<p>sheets, house linen, bath towels (2 per person) and firewood are free.&nbsp;&nbsp;&nbsp;&nbsp;&nbsp;&nbsp;&nbsp;&nbsp;&nbsp;&nbsp;<\/p>\n\n\n\n<p><strong>2. SPORT SERVICE:<\/strong><\/p>\n\n\n\n<p>badminton and boules grounds (8 rackets and 14 boules), table tennis and rackets, 10 bikes and beach games.<\/p>\n\n\n\n<p><strong>3. GARDEN:<\/strong><\/p>\n\n\n\n<p>2 wooden garden furniture, 4 deckchairs and 4 sunloungers<\/p>\n\n\n\n<p><strong>4. PLEASURE SERVICE:<\/strong><\/p>\n\n\n\n<p>80 cm and 102 cm HD LED televisions, DTT television and Astra satellite with 300 channels, Wi-Fi Internet, DVDs, more than 100 books, many board games and 1&#215;1 m Spa shower for 2 persons<\/p>\n\n\n\n<p><strong>5. BABIES SERVICE:<\/strong><\/p>\n\n\n\n<p>3 baby cots, baby phone, baby bath and ring, 2 high chairs and 3 baby carriers for bike.<\/p>\n\n\n\n<p><strong>6. PETS SERVICE:<\/strong><\/p>\n\n\n\n<p>food bowl and games for dogs<\/p>\n\n\n\n<p><strong>7. GASTRONOMY SERVICE:<\/strong><\/p>\n\n\n\n<p>many appliances, books and crockery<\/p>\n\n\n\n<p><strong>8. FISHING SERVICE:<\/strong><\/p>\n\n\n\n<p>fishing gear, advices, cooking accessories.<\/p>\n\n\n\n<p><strong>9.\u201cNO PROBLEM\u201d SERVICE:<\/strong><\/p>\n\n\n\n<p>the necessary equipment for dishwasher, washing machine and cooking (oil, many spices, baking paper, etc.) is offered.<\/p>\n\n\n\n<p><strong>Tourist tax is offered.<\/strong><\/p>\n\n\n\n<p><strong>10. BOOTS SERVICE<\/strong><\/p>\n\n\n\n<p>Boots are provided for your trips to the sea.<\/p>\n\n\n\n<p><strong>11 CULTURE SERVICE<\/strong><\/p>\n\n\n\n<p>Culture (large library), -numerous guides of the region, many DVDs.<\/p>\n\n\n\n<p><strong>12. EUROPEAN SERVICE SERVICE.<\/strong><\/p>\n\n\n\n<p>Sample contract in English, gaming documents in European languages.<\/p>\n","protected":false},"excerpt":{"rendered":"<p>La maison est totalement ind\u00e9pendante. Le propri\u00e9taire n\u2019habite pas sur place. La maison offre de tr\u00e8s nombreux services inclus dans le tarif de la location. 1. SERVICE PLAISIRS \u2013 SPORTS Sur place : Sports :10 v\u00e9los (tous \u00e2ges, toutes tailles), badminton, tennis de table, p\u00e9tanque, jeux de plage. Terrains de Basket public et gratuit \u00e0 [&hellip;]<\/p>\n","protected":false},"author":1,"featured_media":0,"parent":0,"menu_order":4,"comment_status":"closed","ping_status":"closed","template":"","meta":{"footnotes":""},"class_list":["post-76","page","type-page","status-publish","hentry"],"_links":{"self":[{"href":"https:\/\/aclocabarnevillelocation.com\/index.php\/wp-json\/wp\/v2\/pages\/76","targetHints":{"allow":["GET"]}}],"collection":[{"href":"https:\/\/aclocabarnevillelocation.com\/index.php\/wp-json\/wp\/v2\/pages"}],"about":[{"href":"https:\/\/aclocabarnevillelocation.com\/index.php\/wp-json\/wp\/v2\/types\/page"}],"author":[{"embeddable":true,"href":"https:\/\/aclocabarnevillelocation.com\/index.php\/wp-json\/wp\/v2\/users\/1"}],"replies":[{"embeddable":true,"href":"https:\/\/aclocabarnevillelocation.com\/index.php\/wp-json\/wp\/v2\/comments?post=76"}],"version-history":[{"count":1,"href":"https:\/\/aclocabarnevillelocation.com\/index.php\/wp-json\/wp\/v2\/pages\/76\/revisions"}],"predecessor-version":[{"id":77,"href":"https:\/\/aclocabarnevillelocation.com\/index.php\/wp-json\/wp\/v2\/pages\/76\/revisions\/77"}],"wp:attachment":[{"href":"https:\/\/aclocabarnevillelocation.com\/index.php\/wp-json\/wp\/v2\/media?parent=76"}],"curies":[{"name":"wp","href":"https:\/\/api.w.org\/{rel}","templated":true}]}}