{"id":43,"date":"2023-08-15T10:28:07","date_gmt":"2023-08-15T08:28:07","guid":{"rendered":"https:\/\/aclocabarnevillelocation.com\/?page_id=43"},"modified":"2023-08-15T12:41:28","modified_gmt":"2023-08-15T10:41:28","slug":"reservation-rapide","status":"publish","type":"page","link":"https:\/\/aclocabarnevillelocation.com\/index.php\/reservation-rapide\/","title":{"rendered":"R\u00e9servation rapide"},"content":{"rendered":"\n<p>Si vous avez d\u00e9j\u00e0 fait votre choix pour notre propri\u00e9t\u00e9 et souhaitez une r\u00e9servation au traitement plus efficace, nous pouvons vous fournir un contrat personnalis\u00e9 si vous avez joint \u00e0 votre demande :<\/p>\n\n\n\n<p><strong>&#8211; La composition de votre famille ou de votre groupe (adultes\/enfants\/b\u00e9b\u00e9s). Merci de nous pr\u00e9ciser les \u00e2ges afin que nous pr\u00e9parions au mieux la propri\u00e9t\u00e9 (service b\u00e9b\u00e9, taille des v\u00e9los).<\/strong><\/p>\n\n\n\n<p><strong>&#8211; Votre adresse postale<\/strong><\/p>\n\n\n\n<p><strong>&#8211; Un num\u00e9ro de t\u00e9l\u00e9phone portable<\/strong><\/p>\n\n\n\n<p><strong>&#8211; Pr\u00e9cisez si vous souhaitez l\u2019option m\u00e9nage (+120\u20ac)<\/strong><\/p>\n\n\n\n<p><strong>&#8211; Indiquez quels animaux vous accompagnent (Merci de nous indiquer les races pour que nous adaptions les rations d\u2019accueil)<\/strong><\/p>\n\n\n\n<p>Pour un traitement plus RAPIDE de votre demande, utilisez notre adresse e-mail : ac.loca@hotmail.com<\/p>\n\n\n\n<p><strong>R\u00c9SERVATION<\/strong>\u00a0-Pour r\u00e9server un acompte de 25% vous sera demand\u00e9.\u00a0 \u00a0 \u00a0 \u00a0 \u00a0 \u00a0 \u00a0 \u00a0 \u00a0 \u00a0 \u00a0 \u00a0 \u00a0 \u00a0 \u00a0 \u00a0 \u00a0 \u00a0 \u00a0<\/p>\n\n\n\n<p><strong>ANNULATION\u00a0<\/strong>-En cas d\u2019annulation, l\u2019acompte n\u2019est pas rembours\u00e9.\u00a0\u00a0<\/p>\n\n\n\n<p class=\"has-text-align-center\" style=\"font-size:62px\"><strong>FAST BOOKING<\/strong><\/p>\n\n\n\n<p>If you already chose our property and you want a fast booking: we can provide you with a personalised contract since the first contact if you included with your request:<\/p>\n\n\n\n<p><strong>&#8211; The composition of your family or group members (adults, children and babies). Please specify their ages so that we can prepare the property (baby service and bike size).<\/strong><\/p>\n\n\n\n<p><strong>&#8211; Your postal address<\/strong><\/p>\n\n\n\n<p><strong>&#8211; A mobile phone number<\/strong><\/p>\n\n\n\n<p><strong>&#8211; Specify if you want the cleaning option (+120\u20ac)<\/strong><\/p>\n\n\n\n<p><strong>&#8211; If so, please specify what type of animal you have (please indicate the breed so that we can adapt the welcome ration).<\/strong><\/p>\n\n\n\n<p>For a faster processing of your request, use our e-mail address: ac.loca@hotmail.com<\/p>\n\n\n\n<p><strong>BOOKING<\/strong>-To book a first payment of 25% will be ask.\u00a0 \u00a0 \u00a0 \u00a0 \u00a0 \u00a0 \u00a0 \u00a0 \u00a0 \u00a0 \u00a0 \u00a0 \u00a0 \u00a0 <strong>CANCELLATION<\/strong>-In case of cancellation, the deposit is not refunded<\/p>\n","protected":false},"excerpt":{"rendered":"<p>Si vous avez d\u00e9j\u00e0 fait votre choix pour notre propri\u00e9t\u00e9 et souhaitez une r\u00e9servation au traitement plus efficace, nous pouvons vous fournir un contrat personnalis\u00e9 si vous avez joint \u00e0 votre demande : &#8211; La composition de votre famille ou de votre groupe (adultes\/enfants\/b\u00e9b\u00e9s). Merci de nous pr\u00e9ciser les \u00e2ges afin que nous pr\u00e9parions au [&hellip;]<\/p>\n","protected":false},"author":1,"featured_media":0,"parent":0,"menu_order":2,"comment_status":"closed","ping_status":"closed","template":"","meta":{"footnotes":""},"class_list":["post-43","page","type-page","status-publish","hentry"],"_links":{"self":[{"href":"https:\/\/aclocabarnevillelocation.com\/index.php\/wp-json\/wp\/v2\/pages\/43","targetHints":{"allow":["GET"]}}],"collection":[{"href":"https:\/\/aclocabarnevillelocation.com\/index.php\/wp-json\/wp\/v2\/pages"}],"about":[{"href":"https:\/\/aclocabarnevillelocation.com\/index.php\/wp-json\/wp\/v2\/types\/page"}],"author":[{"embeddable":true,"href":"https:\/\/aclocabarnevillelocation.com\/index.php\/wp-json\/wp\/v2\/users\/1"}],"replies":[{"embeddable":true,"href":"https:\/\/aclocabarnevillelocation.com\/index.php\/wp-json\/wp\/v2\/comments?post=43"}],"version-history":[{"count":2,"href":"https:\/\/aclocabarnevillelocation.com\/index.php\/wp-json\/wp\/v2\/pages\/43\/revisions"}],"predecessor-version":[{"id":46,"href":"https:\/\/aclocabarnevillelocation.com\/index.php\/wp-json\/wp\/v2\/pages\/43\/revisions\/46"}],"wp:attachment":[{"href":"https:\/\/aclocabarnevillelocation.com\/index.php\/wp-json\/wp\/v2\/media?parent=43"}],"curies":[{"name":"wp","href":"https:\/\/api.w.org\/{rel}","templated":true}]}}